{"id":252,"date":"2024-12-03T09:53:59","date_gmt":"2024-12-03T09:53:59","guid":{"rendered":"https:\/\/icelandescape.com\/?page_id=252"},"modified":"2025-03-26T20:27:08","modified_gmt":"2025-03-26T20:27:08","slug":"voyages","status":"publish","type":"page","link":"https:\/\/icelandescape.com\/en\/voyages\/","title":{"rendered":"Voyages"},"content":{"rendered":"\n[et_pb_section fb_built=&#8221;1&#8243; _builder_version=&#8221;4.27.4&#8243; _module_preset=&#8221;default&#8221; global_colors_info=&#8221;{}&#8221;][et_pb_row _builder_version=&#8221;4.27.4&#8243; _module_preset=&#8221;default&#8221; global_colors_info=&#8221;{}&#8221;][et_pb_column type=&#8221;4_4&#8243; _builder_version=&#8221;4.27.4&#8243; _module_preset=&#8221;default&#8221; global_colors_info=&#8221;{}&#8221;][et_pb_counters _builder_version=&#8221;4.27.4&#8243; _module_preset=&#8221;default&#8221; hover_enabled=&#8221;0&#8243; global_colors_info=&#8221;{}&#8221; sticky_enabled=&#8221;0&#8243;][et_pb_counter percent=&#8221;50&#8243; _builder_version=&#8221;4.27.4&#8243; _module_preset=&#8221;default&#8221; global_colors_info=&#8221;{}&#8221; bar_background_color_default=&#8221;#7EBEC5&#8243; use_percentages=&#8221;on&#8221;]Votre titre va ici[\/et_pb_counter][\/et_pb_counters][et_pb_post_nav _builder_version=&#8221;4.27.4&#8243; _module_preset=&#8221;default&#8221; in_same_term=&#8221;off&#8221; hover_enabled=&#8221;0&#8243; sticky_enabled=&#8221;0&#8243;][\/et_pb_post_nav][\/et_pb_column][\/et_pb_row][\/et_pb_section]\n","protected":false},"excerpt":{"rendered":"<p>Votre titre va ici<\/p>\n","protected":false},"author":1,"featured_media":0,"parent":0,"menu_order":0,"comment_status":"closed","ping_status":"closed","template":"","meta":{"_acf_changed":false,"_et_pb_use_builder":"on","_et_pb_old_content":"","_et_gb_content_width":"","_uf_show_specific_survey":0,"_uf_disable_surveys":false,"footnotes":""},"class_list":["post-252","page","type-page","status-publish","hentry"],"acf":[],"yoast_head":"<!-- This site is optimized with the Yoast SEO plugin v27.4 - https:\/\/yoast.com\/product\/yoast-seo-wordpress\/ -->\n<title>Voyages<\/title>\n<meta name=\"description\" content=\"[et_pb_section fb_built=&quot;1&quot; _builder_version=&quot;4.27.4&quot; _module_preset=&quot;default&quot; global_colors_info=&quot;{}&quot;][et_pb_row _builder_version=&quot;4.27.4&quot; _module_preset=&quot;default&quot; global_colors_info=&quot;{}&quot;][et_pb_column type=&quot;4_4&quot; _builder_version=&quot;4.27.4&quot; _module_preset=&quot;default&quot; global_colors_info=&quot;{}&quot;][et_pb_counters _builder_version=&quot;4.27.4&quot; _module_preset=&quot;default&quot; hover_enabled=&quot;0&quot; global_colors_info=&quot;{}&quot; sticky_enabled=&quot;0&quot;][et_pb_counter percent=&quot;50&quot; _builder_version=&quot;4.27.4&quot; _module_preset=&quot;default&quot; global_colors_info=&quot;{}&quot; bar_background_color_default=&quot;#7EBEC5&quot; use_percentages=&quot;on&quot;]Votre titre va ici[\/et_pb_counter][\/et_pb_counters][et_pb_post_nav _builder_version=&quot;4.27.4&quot; _module_preset=&quot;default&quot; in_same_term=&quot;off&quot; hover_enabled=&quot;0&quot; sticky_enabled=&quot;0&quot;][\/et_pb_post_nav][\/et_pb_column][\/et_pb_row][\/et_pb_section]\" \/>\n<meta name=\"robots\" content=\"index, follow, max-snippet:-1, max-image-preview:large, max-video-preview:-1\" \/>\n<link rel=\"canonical\" href=\"http:\/\/[et_pb_section%20fb_built=1%20_builder_version=4.27.4%20_module_preset=default%20global_colors_info=][et_pb_row%20_builder_version=4.27.4%20_module_preset=default%20global_colors_info=][et_pb_column%20type=4_4%20_builder_version=4.27.4%20_module_preset=default%20global_colors_info=][et_pb_counters%20_builder_version=4.27.4%20_module_preset=default%20hover_enabled=0%20global_colors_info=%20sticky_enabled=0][et_pb_counter%20percent=50%20_builder_version=4.27.4%20_module_preset=default%20global_colors_info=%20bar_background_color_default=#7EBEC5%20use_percentages=on%5DVotre%20titre%20va%20ici%5B\/et_pb_counter%5D%5B\/et_pb_counters%5D%5Bet_pb_post_nav%20_builder_version=4.27.4%20_module_preset=default%20in_same_term=off%20hover_enabled=0%20sticky_enabled=0%5D%5B\/et_pb_post_nav%5D%5B\/et_pb_column%5D%5B\/et_pb_row%5D%5B\/et_pb_section%5D\" \/>\n<meta property=\"og:locale\" content=\"en_US\" \/>\n<meta property=\"og:type\" content=\"article\" \/>\n<meta property=\"og:title\" content=\"Voyages\" \/>\n<meta property=\"og:description\" content=\"[et_pb_section fb_built=&quot;1&quot; _builder_version=&quot;4.27.4&quot; _module_preset=&quot;default&quot; global_colors_info=&quot;{}&quot;][et_pb_row _builder_version=&quot;4.27.4&quot; _module_preset=&quot;default&quot; global_colors_info=&quot;{}&quot;][et_pb_column type=&quot;4_4&quot; _builder_version=&quot;4.27.4&quot; _module_preset=&quot;default&quot; global_colors_info=&quot;{}&quot;][et_pb_counters _builder_version=&quot;4.27.4&quot; _module_preset=&quot;default&quot; hover_enabled=&quot;0&quot; global_colors_info=&quot;{}&quot; sticky_enabled=&quot;0&quot;][et_pb_counter percent=&quot;50&quot; _builder_version=&quot;4.27.4&quot; _module_preset=&quot;default&quot; global_colors_info=&quot;{}&quot; bar_background_color_default=&quot;#7EBEC5&quot; use_percentages=&quot;on&quot;]Votre titre va ici[\/et_pb_counter][\/et_pb_counters][et_pb_post_nav _builder_version=&quot;4.27.4&quot; _module_preset=&quot;default&quot; in_same_term=&quot;off&quot; hover_enabled=&quot;0&quot; sticky_enabled=&quot;0&quot;][\/et_pb_post_nav][\/et_pb_column][\/et_pb_row][\/et_pb_section]\" \/>\n<meta property=\"og:url\" content=\"https:\/\/icelandescape.com\/en\/voyages\/\" \/>\n<meta property=\"og:site_name\" content=\"Iceland Escape\" \/>\n<meta property=\"article:modified_time\" content=\"2025-03-26T20:27:08+00:00\" \/>\n<meta name=\"twitter:card\" content=\"summary_large_image\" \/>\n<meta name=\"twitter:label1\" content=\"Est. reading time\" \/>\n\t<meta name=\"twitter:data1\" content=\"1 minute\" \/>\n<script type=\"application\/ld+json\" class=\"yoast-schema-graph\">{\"@context\":\"https:\\\/\\\/schema.org\",\"@graph\":[{\"@type\":\"WebPage\",\"@id\":\"https:\\\/\\\/icelandescape.com\\\/en\\\/voyages\\\/\",\"url\":\"https:\\\/\\\/icelandescape.com\\\/en\\\/voyages\\\/\",\"name\":\"Voyages - Iceland Escape\",\"isPartOf\":{\"@id\":\"https:\\\/\\\/icelandescape.com\\\/#website\"},\"datePublished\":\"2024-12-03T09:53:59+00:00\",\"dateModified\":\"2025-03-26T20:27:08+00:00\",\"breadcrumb\":{\"@id\":\"https:\\\/\\\/icelandescape.com\\\/en\\\/voyages\\\/#breadcrumb\"},\"inLanguage\":\"en-US\",\"potentialAction\":[{\"@type\":\"ReadAction\",\"target\":[\"https:\\\/\\\/icelandescape.com\\\/en\\\/voyages\\\/\"]}]},{\"@type\":\"BreadcrumbList\",\"@id\":\"https:\\\/\\\/icelandescape.com\\\/en\\\/voyages\\\/#breadcrumb\",\"itemListElement\":[{\"@type\":\"ListItem\",\"position\":1,\"name\":\"Accueil\",\"item\":\"https:\\\/\\\/icelandescape.com\\\/\"},{\"@type\":\"ListItem\",\"position\":2,\"name\":\"Voyages\"}]},{\"@type\":\"WebSite\",\"@id\":\"https:\\\/\\\/icelandescape.com\\\/en\\\/#website\",\"url\":\"https:\\\/\\\/icelandescape.com\\\/en\\\/\",\"name\":\"Iceland Escape\",\"description\":\"Agence francophone bas\u00e9e \u00e0 Reykjav\u00edk\",\"potentialAction\":[{\"@type\":\"SearchAction\",\"target\":{\"@type\":\"EntryPoint\",\"urlTemplate\":\"https:\\\/\\\/icelandescape.com\\\/en\\\/?s={search_term_string}\"},\"query-input\":{\"@type\":\"PropertyValueSpecification\",\"valueRequired\":true,\"valueName\":\"search_term_string\"}}],\"inLanguage\":\"en-US\"}]}<\/script>\n<!-- \/ Yoast SEO plugin. -->","yoast_head_json":{"title":"Voyages","description":"[et_pb_section fb_built=\"1\" _builder_version=\"4.27.4\" _module_preset=\"default\" global_colors_info=\"{}\"][et_pb_row _builder_version=\"4.27.4\" _module_preset=\"default\" global_colors_info=\"{}\"][et_pb_column type=\"4_4\" _builder_version=\"4.27.4\" _module_preset=\"default\" global_colors_info=\"{}\"][et_pb_counters _builder_version=\"4.27.4\" _module_preset=\"default\" hover_enabled=\"0\" global_colors_info=\"{}\" sticky_enabled=\"0\"][et_pb_counter percent=\"50\" _builder_version=\"4.27.4\" _module_preset=\"default\" global_colors_info=\"{}\" bar_background_color_default=\"#7EBEC5\" use_percentages=\"on\"]Votre titre va ici[\/et_pb_counter][\/et_pb_counters][et_pb_post_nav _builder_version=\"4.27.4\" _module_preset=\"default\" in_same_term=\"off\" hover_enabled=\"0\" sticky_enabled=\"0\"][\/et_pb_post_nav][\/et_pb_column][\/et_pb_row][\/et_pb_section]","robots":{"index":"index","follow":"follow","max-snippet":"max-snippet:-1","max-image-preview":"max-image-preview:large","max-video-preview":"max-video-preview:-1"},"canonical":"[et_pb_section fb_built=\"1\" _builder_version=\"4.27.4\" _module_preset=\"default\" global_colors_info=\"{}\"][et_pb_row _builder_version=\"4.27.4\" _module_preset=\"default\" global_colors_info=\"{}\"][et_pb_column type=\"4_4\" _builder_version=\"4.27.4\" _module_preset=\"default\" global_colors_info=\"{}\"][et_pb_counters _builder_version=\"4.27.4\" _module_preset=\"default\" hover_enabled=\"0\" global_colors_info=\"{}\" sticky_enabled=\"0\"][et_pb_counter percent=\"50\" _builder_version=\"4.27.4\" _module_preset=\"default\" global_colors_info=\"{}\" bar_background_color_default=\"#7EBEC5\" use_percentages=\"on\"]Votre titre va ici[\/et_pb_counter][\/et_pb_counters][et_pb_post_nav _builder_version=\"4.27.4\" _module_preset=\"default\" in_same_term=\"off\" hover_enabled=\"0\" sticky_enabled=\"0\"][\/et_pb_post_nav][\/et_pb_column][\/et_pb_row][\/et_pb_section]","og_locale":"en_US","og_type":"article","og_title":"Voyages","og_description":"[et_pb_section fb_built=\"1\" _builder_version=\"4.27.4\" _module_preset=\"default\" global_colors_info=\"{}\"][et_pb_row _builder_version=\"4.27.4\" _module_preset=\"default\" global_colors_info=\"{}\"][et_pb_column type=\"4_4\" _builder_version=\"4.27.4\" _module_preset=\"default\" global_colors_info=\"{}\"][et_pb_counters _builder_version=\"4.27.4\" _module_preset=\"default\" hover_enabled=\"0\" global_colors_info=\"{}\" sticky_enabled=\"0\"][et_pb_counter percent=\"50\" _builder_version=\"4.27.4\" _module_preset=\"default\" global_colors_info=\"{}\" bar_background_color_default=\"#7EBEC5\" use_percentages=\"on\"]Votre titre va ici[\/et_pb_counter][\/et_pb_counters][et_pb_post_nav _builder_version=\"4.27.4\" _module_preset=\"default\" in_same_term=\"off\" hover_enabled=\"0\" sticky_enabled=\"0\"][\/et_pb_post_nav][\/et_pb_column][\/et_pb_row][\/et_pb_section]","og_url":"https:\/\/icelandescape.com\/en\/voyages\/","og_site_name":"Iceland Escape","article_modified_time":"2025-03-26T20:27:08+00:00","twitter_card":"summary_large_image","twitter_misc":{"Est. reading time":"1 minute"},"schema":{"@context":"https:\/\/schema.org","@graph":[{"@type":"WebPage","@id":"https:\/\/icelandescape.com\/en\/voyages\/","url":"https:\/\/icelandescape.com\/en\/voyages\/","name":"Voyages - Iceland Escape","isPartOf":{"@id":"https:\/\/icelandescape.com\/#website"},"datePublished":"2024-12-03T09:53:59+00:00","dateModified":"2025-03-26T20:27:08+00:00","breadcrumb":{"@id":"https:\/\/icelandescape.com\/en\/voyages\/#breadcrumb"},"inLanguage":"en-US","potentialAction":[{"@type":"ReadAction","target":["https:\/\/icelandescape.com\/en\/voyages\/"]}]},{"@type":"BreadcrumbList","@id":"https:\/\/icelandescape.com\/en\/voyages\/#breadcrumb","itemListElement":[{"@type":"ListItem","position":1,"name":"Accueil","item":"https:\/\/icelandescape.com\/"},{"@type":"ListItem","position":2,"name":"Voyages"}]},{"@type":"WebSite","@id":"https:\/\/icelandescape.com\/en\/#website","url":"https:\/\/icelandescape.com\/en\/","name":"Iceland Escape","description":"Agence francophone bas\u00e9e \u00e0 Reykjav\u00edk","potentialAction":[{"@type":"SearchAction","target":{"@type":"EntryPoint","urlTemplate":"https:\/\/icelandescape.com\/en\/?s={search_term_string}"},"query-input":{"@type":"PropertyValueSpecification","valueRequired":true,"valueName":"search_term_string"}}],"inLanguage":"en-US"}]}},"_links":{"self":[{"href":"https:\/\/icelandescape.com\/en\/wp-json\/wp\/v2\/pages\/252","targetHints":{"allow":["GET"]}}],"collection":[{"href":"https:\/\/icelandescape.com\/en\/wp-json\/wp\/v2\/pages"}],"about":[{"href":"https:\/\/icelandescape.com\/en\/wp-json\/wp\/v2\/types\/page"}],"author":[{"embeddable":true,"href":"https:\/\/icelandescape.com\/en\/wp-json\/wp\/v2\/users\/1"}],"replies":[{"embeddable":true,"href":"https:\/\/icelandescape.com\/en\/wp-json\/wp\/v2\/comments?post=252"}],"version-history":[{"count":5,"href":"https:\/\/icelandescape.com\/en\/wp-json\/wp\/v2\/pages\/252\/revisions"}],"predecessor-version":[{"id":7578,"href":"https:\/\/icelandescape.com\/en\/wp-json\/wp\/v2\/pages\/252\/revisions\/7578"}],"wp:attachment":[{"href":"https:\/\/icelandescape.com\/en\/wp-json\/wp\/v2\/media?parent=252"}],"curies":[{"name":"wp","href":"https:\/\/api.w.org\/{rel}","templated":true}]}}