{"id":255,"date":"2024-12-03T09:54:27","date_gmt":"2024-12-03T09:54:27","guid":{"rendered":"https:\/\/icelandescape.com\/?page_id=255"},"modified":"2025-06-03T08:27:34","modified_gmt":"2025-06-03T08:27:34","slug":"activites","status":"publish","type":"page","link":"https:\/\/icelandescape.com\/en\/activites\/","title":{"rendered":"Activit\u00e9s"},"content":{"rendered":"","protected":false},"excerpt":{"rendered":"","protected":false},"author":1,"featured_media":0,"parent":0,"menu_order":0,"comment_status":"closed","ping_status":"closed","template":"","meta":{"_acf_changed":false,"_et_pb_use_builder":"on","_et_pb_old_content":"","_et_gb_content_width":"","_uf_show_specific_survey":0,"_uf_disable_surveys":false,"footnotes":""},"class_list":["post-255","page","type-page","status-publish","hentry"],"acf":[],"yoast_head":"<!-- This site is optimized with the Yoast SEO plugin v27.4 - https:\/\/yoast.com\/product\/yoast-seo-wordpress\/ -->\n<title>Activit\u00e9s<\/title>\n<meta name=\"robots\" content=\"index, follow, max-snippet:-1, max-image-preview:large, max-video-preview:-1\" \/>\n<meta property=\"og:locale\" content=\"en_US\" \/>\n<meta property=\"og:type\" content=\"article\" \/>\n<meta property=\"og:title\" content=\"Activit\u00e9s\" \/>\n<meta property=\"og:url\" content=\"https:\/\/icelandescape.com\/en\/activites\/\" \/>\n<meta property=\"og:site_name\" content=\"Iceland Escape\" \/>\n<meta property=\"article:modified_time\" content=\"2025-06-03T08:27:34+00:00\" \/>\n<meta name=\"twitter:card\" content=\"summary_large_image\" \/>\n<script type=\"application\/ld+json\" class=\"yoast-schema-graph\">{\"@context\":\"https:\\\/\\\/schema.org\",\"@graph\":[{\"@type\":\"WebPage\",\"@id\":\"https:\\\/\\\/icelandescape.com\\\/en\\\/activites\\\/\",\"url\":\"https:\\\/\\\/icelandescape.com\\\/en\\\/activites\\\/\",\"name\":\"Activit\u00e9s - Iceland Escape\",\"isPartOf\":{\"@id\":\"https:\\\/\\\/icelandescape.com\\\/#website\"},\"datePublished\":\"2024-12-03T09:54:27+00:00\",\"dateModified\":\"2025-06-03T08:27:34+00:00\",\"breadcrumb\":{\"@id\":\"https:\\\/\\\/icelandescape.com\\\/en\\\/activites\\\/#breadcrumb\"},\"inLanguage\":\"en-US\",\"potentialAction\":[{\"@type\":\"ReadAction\",\"target\":[\"https:\\\/\\\/icelandescape.com\\\/en\\\/activites\\\/\"]}]},{\"@type\":\"BreadcrumbList\",\"@id\":\"https:\\\/\\\/icelandescape.com\\\/en\\\/activites\\\/#breadcrumb\",\"itemListElement\":[{\"@type\":\"ListItem\",\"position\":1,\"name\":\"Accueil\",\"item\":\"https:\\\/\\\/icelandescape.com\\\/\"},{\"@type\":\"ListItem\",\"position\":2,\"name\":\"Activit\u00e9s\"}]},{\"@type\":\"WebSite\",\"@id\":\"https:\\\/\\\/icelandescape.com\\\/en\\\/#website\",\"url\":\"https:\\\/\\\/icelandescape.com\\\/en\\\/\",\"name\":\"Iceland Escape\",\"description\":\"Agence francophone bas\u00e9e \u00e0 Reykjav\u00edk\",\"potentialAction\":[{\"@type\":\"SearchAction\",\"target\":{\"@type\":\"EntryPoint\",\"urlTemplate\":\"https:\\\/\\\/icelandescape.com\\\/en\\\/?s={search_term_string}\"},\"query-input\":{\"@type\":\"PropertyValueSpecification\",\"valueRequired\":true,\"valueName\":\"search_term_string\"}}],\"inLanguage\":\"en-US\"}]}<\/script>\n<!-- \/ Yoast SEO plugin. -->","yoast_head_json":{"title":"Activit\u00e9s","robots":{"index":"index","follow":"follow","max-snippet":"max-snippet:-1","max-image-preview":"max-image-preview:large","max-video-preview":"max-video-preview:-1"},"og_locale":"en_US","og_type":"article","og_title":"Activit\u00e9s","og_url":"https:\/\/icelandescape.com\/en\/activites\/","og_site_name":"Iceland Escape","article_modified_time":"2025-06-03T08:27:34+00:00","twitter_card":"summary_large_image","schema":{"@context":"https:\/\/schema.org","@graph":[{"@type":"WebPage","@id":"https:\/\/icelandescape.com\/en\/activites\/","url":"https:\/\/icelandescape.com\/en\/activites\/","name":"Activit\u00e9s - Iceland Escape","isPartOf":{"@id":"https:\/\/icelandescape.com\/#website"},"datePublished":"2024-12-03T09:54:27+00:00","dateModified":"2025-06-03T08:27:34+00:00","breadcrumb":{"@id":"https:\/\/icelandescape.com\/en\/activites\/#breadcrumb"},"inLanguage":"en-US","potentialAction":[{"@type":"ReadAction","target":["https:\/\/icelandescape.com\/en\/activites\/"]}]},{"@type":"BreadcrumbList","@id":"https:\/\/icelandescape.com\/en\/activites\/#breadcrumb","itemListElement":[{"@type":"ListItem","position":1,"name":"Accueil","item":"https:\/\/icelandescape.com\/"},{"@type":"ListItem","position":2,"name":"Activit\u00e9s"}]},{"@type":"WebSite","@id":"https:\/\/icelandescape.com\/en\/#website","url":"https:\/\/icelandescape.com\/en\/","name":"Iceland Escape","description":"Agence francophone bas\u00e9e \u00e0 Reykjav\u00edk","potentialAction":[{"@type":"SearchAction","target":{"@type":"EntryPoint","urlTemplate":"https:\/\/icelandescape.com\/en\/?s={search_term_string}"},"query-input":{"@type":"PropertyValueSpecification","valueRequired":true,"valueName":"search_term_string"}}],"inLanguage":"en-US"}]}},"_links":{"self":[{"href":"https:\/\/icelandescape.com\/en\/wp-json\/wp\/v2\/pages\/255","targetHints":{"allow":["GET"]}}],"collection":[{"href":"https:\/\/icelandescape.com\/en\/wp-json\/wp\/v2\/pages"}],"about":[{"href":"https:\/\/icelandescape.com\/en\/wp-json\/wp\/v2\/types\/page"}],"author":[{"embeddable":true,"href":"https:\/\/icelandescape.com\/en\/wp-json\/wp\/v2\/users\/1"}],"replies":[{"embeddable":true,"href":"https:\/\/icelandescape.com\/en\/wp-json\/wp\/v2\/comments?post=255"}],"version-history":[{"count":3,"href":"https:\/\/icelandescape.com\/en\/wp-json\/wp\/v2\/pages\/255\/revisions"}],"predecessor-version":[{"id":7576,"href":"https:\/\/icelandescape.com\/en\/wp-json\/wp\/v2\/pages\/255\/revisions\/7576"}],"wp:attachment":[{"href":"https:\/\/icelandescape.com\/en\/wp-json\/wp\/v2\/media?parent=255"}],"curies":[{"name":"wp","href":"https:\/\/api.w.org\/{rel}","templated":true}]}}