{"id":261,"date":"2024-12-03T09:54:57","date_gmt":"2024-12-03T09:54:57","guid":{"rendered":"https:\/\/icelandescape.com\/?page_id=261"},"modified":"2026-03-12T23:08:40","modified_gmt":"2026-03-12T23:08:40","slug":"contact","status":"publish","type":"page","link":"https:\/\/icelandescape.com\/en\/contact\/","title":{"rendered":"Contact"},"content":{"rendered":"<p>[et_pb_section fb_built=&#8221;1&#8243; _builder_version=&#8221;4.27.4&#8243; _module_preset=&#8221;default&#8221; global_colors_info=&#8221;{}&#8221;][et_pb_row _builder_version=&#8221;4.27.4&#8243; _module_preset=&#8221;default&#8221; width=&#8221;100%&#8221; max_width=&#8221;800px&#8221; global_colors_info=&#8221;{}&#8221;][et_pb_column type=&#8221;4_4&#8243; _builder_version=&#8221;4.27.4&#8243; _module_preset=&#8221;default&#8221; global_colors_info=&#8221;{}&#8221;][et_pb_text _builder_version=&#8221;4.27.4&#8243; _module_preset=&#8221;default&#8221; header_font=&#8221;|||on|||||&#8221; header_text_color=&#8221;#E30613&#8243; header_font_size=&#8221;20px&#8221; header_letter_spacing=&#8221;4px&#8221; global_colors_info=&#8221;{}&#8221;]<\/p>\n<h1 style=\"text-align: center;\">\u00c9crivez-nous<\/h1>\n<p>[\/et_pb_text][et_pb_contact_form captcha=&#8221;off&#8221; email=&#8221;contact@icelandescape.com&#8221; custom_message=&#8221;Nouvelle demande de contact :||et_pb_line_break_holder||||et_pb_line_break_holder||Nom : %%Nom%%||et_pb_line_break_holder||Pr\u00e9nom : %%Prenom%%||et_pb_line_break_holder||T\u00e9l\u00e9phone : %%telephone%%||et_pb_line_break_holder||Email : %%Email%%||et_pb_line_break_holder||Message : %%Message%%&#8221; success_message=&#8221;Formulaire bien envoy\u00e9. Nous vous r\u00e9pondons au plus vite.&#8221; submit_button_text=&#8221;Envoyer&#8221; _builder_version=&#8221;4.27.6&#8243; _module_preset=&#8221;default&#8221; _unique_id=&#8221;16adfba1-7de0-4a29-93bd-62bcbe5c4a09&#8243; custom_button=&#8221;on&#8221; button_text_size=&#8221;14px&#8221; button_text_color=&#8221;#FFFFFF&#8221; button_bg_color=&#8221;#E30613&#8243; button_border_width=&#8221;0px&#8221; button_border_radius=&#8221;61px&#8221; button_letter_spacing=&#8221;1px&#8221; button_font=&#8221;|&#8211;et_global_heading_font_weight||on|||||&#8221; custom_margin=&#8221;||-4px|||&#8221; hover_enabled=&#8221;0&#8243; custom_css_free_form=&#8221;selector .et_contact_bottom_container {||  float: left;||}||||selector .et_pb_contact_submit {||  margin-left: 10px;||}||||selector .et_pb_contact_form {||  margin-left: -1%;||}||||selector p.et_pb_contact_field {||  padding: 0 0 0 1%;||}||||selector select {||  border: none;||  background: #eee;||  color: #000000;||  border-radius: 108px;||}||||selector .et_pb_phone_number {||  border-radius: 108px;||}||||selector p.et_pb_contact_field {||  margin-bottom: 10px !important;||}||||selector .et_contact_bottom_container {||  float: left;||}||||selector .et_pb_contact_field_3 {||  display: flex;||  gap: 5px;||}||||selector .et_pb_contact_field_3 select {||  padding: 10px !important;||    width: fit-content;||}&#8221; global_colors_info=&#8221;{}&#8221; sticky_enabled=&#8221;0&#8243;][et_pb_contact_field field_id=&#8221;Nom&#8221; field_title=&#8221;Nom*&#8221; fullwidth_field=&#8221;on&#8221; _builder_version=&#8221;4.27.4&#8243; form_field_text_color=&#8221;#000000&#8243; custom_margin=&#8221;0px||10px||false|false&#8221; border_radii=&#8221;on|108px|108px|108px|108px&#8221; global_colors_info=&#8221;{}&#8221; button_text_size__hover_enabled=&#8221;off&#8221; button_one_text_size__hover_enabled=&#8221;off&#8221; button_two_text_size__hover_enabled=&#8221;off&#8221; button_text_color__hover_enabled=&#8221;off&#8221; button_one_text_color__hover_enabled=&#8221;off&#8221; button_two_text_color__hover_enabled=&#8221;off&#8221; button_border_width__hover_enabled=&#8221;off&#8221; button_one_border_width__hover_enabled=&#8221;off&#8221; button_two_border_width__hover_enabled=&#8221;off&#8221; button_border_color__hover_enabled=&#8221;off&#8221; button_one_border_color__hover_enabled=&#8221;off&#8221; button_two_border_color__hover_enabled=&#8221;off&#8221; button_border_radius__hover_enabled=&#8221;off&#8221; button_one_border_radius__hover_enabled=&#8221;off&#8221; button_two_border_radius__hover_enabled=&#8221;off&#8221; button_letter_spacing__hover_enabled=&#8221;off&#8221; button_one_letter_spacing__hover_enabled=&#8221;off&#8221; button_two_letter_spacing__hover_enabled=&#8221;off&#8221; button_bg_color__hover_enabled=&#8221;off&#8221; button_one_bg_color__hover_enabled=&#8221;off&#8221; button_two_bg_color__hover_enabled=&#8221;off&#8221;][\/et_pb_contact_field][et_pb_contact_field field_id=&#8221;Prenom&#8221; field_title=&#8221;Pr\u00e9nom*&#8221; fullwidth_field=&#8221;on&#8221; _builder_version=&#8221;4.27.4&#8243; form_field_text_color=&#8221;#000000&#8243; custom_margin=&#8221;0px||10px||false|false&#8221; border_radii=&#8221;on|108px|108px|108px|108px&#8221; global_colors_info=&#8221;{}&#8221; button_text_size__hover_enabled=&#8221;off&#8221; button_one_text_size__hover_enabled=&#8221;off&#8221; button_two_text_size__hover_enabled=&#8221;off&#8221; button_text_color__hover_enabled=&#8221;off&#8221; button_one_text_color__hover_enabled=&#8221;off&#8221; button_two_text_color__hover_enabled=&#8221;off&#8221; button_border_width__hover_enabled=&#8221;off&#8221; button_one_border_width__hover_enabled=&#8221;off&#8221; button_two_border_width__hover_enabled=&#8221;off&#8221; button_border_color__hover_enabled=&#8221;off&#8221; button_one_border_color__hover_enabled=&#8221;off&#8221; button_two_border_color__hover_enabled=&#8221;off&#8221; button_border_radius__hover_enabled=&#8221;off&#8221; button_one_border_radius__hover_enabled=&#8221;off&#8221; button_two_border_radius__hover_enabled=&#8221;off&#8221; button_letter_spacing__hover_enabled=&#8221;off&#8221; button_one_letter_spacing__hover_enabled=&#8221;off&#8221; button_two_letter_spacing__hover_enabled=&#8221;off&#8221; button_bg_color__hover_enabled=&#8221;off&#8221; button_one_bg_color__hover_enabled=&#8221;off&#8221; button_two_bg_color__hover_enabled=&#8221;off&#8221;][\/et_pb_contact_field][et_pb_contact_field field_id=&#8221;Email&#8221; field_title=&#8221;E-mail*&#8221; field_type=&#8221;email&#8221; fullwidth_field=&#8221;on&#8221; _builder_version=&#8221;4.27.4&#8243; form_field_text_color=&#8221;#000000&#8243; custom_margin=&#8221;0px||10px||false|false&#8221; border_radii=&#8221;on|108px|108px|108px|108px&#8221; global_colors_info=&#8221;{}&#8221; button_text_size__hover_enabled=&#8221;off&#8221; button_one_text_size__hover_enabled=&#8221;off&#8221; button_two_text_size__hover_enabled=&#8221;off&#8221; button_text_color__hover_enabled=&#8221;off&#8221; button_one_text_color__hover_enabled=&#8221;off&#8221; button_two_text_color__hover_enabled=&#8221;off&#8221; button_border_width__hover_enabled=&#8221;off&#8221; button_one_border_width__hover_enabled=&#8221;off&#8221; button_two_border_width__hover_enabled=&#8221;off&#8221; button_border_color__hover_enabled=&#8221;off&#8221; button_one_border_color__hover_enabled=&#8221;off&#8221; button_two_border_color__hover_enabled=&#8221;off&#8221; button_border_radius__hover_enabled=&#8221;off&#8221; button_one_border_radius__hover_enabled=&#8221;off&#8221; button_two_border_radius__hover_enabled=&#8221;off&#8221; button_letter_spacing__hover_enabled=&#8221;off&#8221; button_one_letter_spacing__hover_enabled=&#8221;off&#8221; button_two_letter_spacing__hover_enabled=&#8221;off&#8221; button_bg_color__hover_enabled=&#8221;off&#8221; button_one_bg_color__hover_enabled=&#8221;off&#8221; button_two_bg_color__hover_enabled=&#8221;off&#8221;][\/et_pb_contact_field][et_pb_contact_field fullwidth_field=&#8221;on&#8221; _builder_version=&#8221;4.27.6&#8243; _module_preset=&#8221;default&#8221; field_id=&#8221;telephone&#8221; field_title=&#8221;T\u00e9l\u00e9phone&#8221; field_type=&#8221;phone&#8221; hover_enabled=&#8221;0&#8243; sticky_enabled=&#8221;0&#8243;][\/et_pb_contact_field][et_pb_contact_field field_id=&#8221;Message&#8221; field_title=&#8221;Message*&#8221; field_type=&#8221;text&#8221; fullwidth_field=&#8221;on&#8221; _builder_version=&#8221;4.27.4&#8243; form_field_text_color=&#8221;#000000&#8243; border_radii=&#8221;on|21px|21px|21px|21px&#8221; global_colors_info=&#8221;{}&#8221; button_text_size__hover_enabled=&#8221;off&#8221; button_one_text_size__hover_enabled=&#8221;off&#8221; button_two_text_size__hover_enabled=&#8221;off&#8221; button_text_color__hover_enabled=&#8221;off&#8221; button_one_text_color__hover_enabled=&#8221;off&#8221; button_two_text_color__hover_enabled=&#8221;off&#8221; button_border_width__hover_enabled=&#8221;off&#8221; button_one_border_width__hover_enabled=&#8221;off&#8221; button_two_border_width__hover_enabled=&#8221;off&#8221; button_border_color__hover_enabled=&#8221;off&#8221; button_one_border_color__hover_enabled=&#8221;off&#8221; button_two_border_color__hover_enabled=&#8221;off&#8221; button_border_radius__hover_enabled=&#8221;off&#8221; button_one_border_radius__hover_enabled=&#8221;off&#8221; button_two_border_radius__hover_enabled=&#8221;off&#8221; button_letter_spacing__hover_enabled=&#8221;off&#8221; button_one_letter_spacing__hover_enabled=&#8221;off&#8221; button_two_letter_spacing__hover_enabled=&#8221;off&#8221; button_bg_color__hover_enabled=&#8221;off&#8221; button_one_bg_color__hover_enabled=&#8221;off&#8221; button_two_bg_color__hover_enabled=&#8221;off&#8221;][\/et_pb_contact_field][\/et_pb_contact_form][\/et_pb_column][\/et_pb_row][et_pb_row _builder_version=&#8221;4.27.4&#8243; _module_preset=&#8221;default&#8221; custom_padding=&#8221;1px|||||&#8221; global_colors_info=&#8221;{}&#8221;][et_pb_column type=&#8221;4_4&#8243; _builder_version=&#8221;4.27.4&#8243; _module_preset=&#8221;default&#8221; global_colors_info=&#8221;{}&#8221;][et_pb_button button_url=&#8221;https:\/\/outlook.office.com\/book\/IcelandEscape@icelandescape.com\/?ismsaljsauthenabled&#8221; url_new_window=&#8221;on&#8221; button_text=&#8221;Prendre rendez-vous avec un conseiller&#8221; button_alignment=&#8221;center&#8221; _builder_version=&#8221;4.27.4&#8243; _module_preset=&#8221;default&#8221; custom_button=&#8221;on&#8221; button_text_size=&#8221;16px&#8221; button_text_color=&#8221;#FFFFFF&#8221; button_bg_color=&#8221;#27348B&#8221; button_border_radius=&#8221;57px&#8221; button_letter_spacing=&#8221;4px&#8221; button_font=&#8221;|||on|||||&#8221; button_on_hover=&#8221;off&#8221; custom_margin=&#8221;-9px|||||&#8221; custom_padding=&#8221;10px|36px|10px|36px|true|true&#8221; global_module=&#8221;6057&#8243; saved_tabs=&#8221;all&#8221; global_colors_info=&#8221;{}&#8221;][\/et_pb_button][\/et_pb_column][\/et_pb_row][\/et_pb_section][et_pb_section fb_built=&#8221;1&#8243; _builder_version=&#8221;4.27.4&#8243; _module_preset=&#8221;default&#8221; custom_padding=&#8221;0px||0px||true|false&#8221; global_module=&#8221;5592&#8243; global_colors_info=&#8221;{}&#8221;][et_pb_row _builder_version=&#8221;4.27.4&#8243; _module_preset=&#8221;default&#8221; custom_padding=&#8221;0px||0px||true|false&#8221; global_colors_info=&#8221;{}&#8221;][et_pb_column type=&#8221;4_4&#8243; _builder_version=&#8221;4.27.4&#8243; _module_preset=&#8221;default&#8221; global_colors_info=&#8221;{}&#8221;][et_pb_image src=&#8221;https:\/\/icelandescape.com\/wp-content\/uploads\/2024\/12\/Montagnes_Separateur.svg&#8221; title_text=&#8221;Montagnes_Separateur&#8221; align=&#8221;center&#8221; _builder_version=&#8221;4.27.4&#8243; _module_preset=&#8221;default&#8221; max_width=&#8221;150px&#8221; global_colors_info=&#8221;{}&#8221;][\/et_pb_image][\/et_pb_column][\/et_pb_row][\/et_pb_section][et_pb_section fb_built=&#8221;1&#8243; _builder_version=&#8221;4.27.4&#8243; _module_preset=&#8221;default&#8221; global_colors_info=&#8221;{}&#8221;][et_pb_row _builder_version=&#8221;4.27.4&#8243; _module_preset=&#8221;default&#8221; global_colors_info=&#8221;{}&#8221;][et_pb_column type=&#8221;4_4&#8243; _builder_version=&#8221;4.27.4&#8243; _module_preset=&#8221;default&#8221; global_colors_info=&#8221;{}&#8221;][et_pb_text _builder_version=&#8221;4.27.4&#8243; _module_preset=&#8221;default&#8221; header_2_font=&#8221;|||on|||||&#8221; header_2_text_color=&#8221;#E30613&#8243; header_2_font_size=&#8221;17px&#8221; header_2_letter_spacing=&#8221;1px&#8221; global_colors_info=&#8221;{}&#8221;]<\/p>\n<h2 style=\"text-align: center;\">Iceland Escape<\/h2>\n<p style=\"text-align: center;\"><a href=\"https:\/\/icelandescape.com\/\">\u00c1rm\u00fali 42, 108 Reykjav\u00edk<\/a><\/p>\n<p>[\/et_pb_text][\/et_pb_column][\/et_pb_row][\/et_pb_section]<\/p>\n","protected":false},"excerpt":{"rendered":"<p>\u00c9crivez-nousIceland Escape \u00c1rm\u00fali 42, 108 Reykjav\u00edk<\/p>\n","protected":false},"author":1,"featured_media":0,"parent":0,"menu_order":0,"comment_status":"closed","ping_status":"closed","template":"","meta":{"_acf_changed":false,"_et_pb_use_builder":"on","_et_pb_old_content":"<!-- wp:divi\/placeholder \/-->","_et_gb_content_width":"","_uf_show_specific_survey":0,"_uf_disable_surveys":false,"footnotes":""},"class_list":["post-261","page","type-page","status-publish","hentry"],"acf":[],"yoast_head":"<!-- This site is optimized with the Yoast SEO plugin v27.4 - https:\/\/yoast.com\/product\/yoast-seo-wordpress\/ -->\n<title>Contact<\/title>\n<meta name=\"description\" content=\"[et_pb_section fb_built=&quot;1&quot; _builder_version=&quot;4.27.4&quot; _module_preset=&quot;default&quot; global_colors_info=&quot;{}&quot;][et_pb_row _builder_version=&quot;4.27.4&quot; _module_preset=&quot;default&quot; width=&quot;100%&quot; max_width=&quot;800px&quot; global_colors_info=&quot;{}&quot;][et_pb_column type=&quot;4_4&quot; _builder_version=&quot;4.27.4&quot; _module_preset=&quot;default&quot; global_colors_info=&quot;{}&quot;][et_pb_text _builder_version=&quot;4.27.4&quot; _module_preset=&quot;default&quot; header_font=&quot;|||on|||||&quot; header_text_color=&quot;#E30613&quot; header_font_size=&quot;20px&quot; header_letter_spacing=&quot;4px&quot; global_colors_info=&quot;{}&quot;]\u00c9crivez-nous[\/et_pb_text][et_pb_contact_form captcha=&quot;off&quot; email=&quot;contact@icelandescape.com&quot; custom_message=&quot;Nouvelle demande de contact :||et_pb_line_break_holder||||et_pb_line_break_holder||Nom : ||et_pb_line_break_holder||Pr\u00e9nom : ||et_pb_line_break_holder||T\u00e9l\u00e9phone : ||et_pb_line_break_holder||Email : ||et_pb_line_break_holder||Message : &quot; success_message=&quot;Formulaire bien envoy\u00e9. Nous vous r\u00e9pondons au plus vite.&quot; submit_button_text=&quot;Envoyer&quot; _builder_version=&quot;4.27.6&quot; _module_preset=&quot;default&quot; _unique_id=&quot;16adfba1-7de0-4a29-93bd-62bcbe5c4a09&quot; custom_button=&quot;on&quot; button_text_size=&quot;14px&quot; button_text_color=&quot;#FFFFFF&quot; button_bg_color=&quot;#E30613&quot;&hellip;\" \/>\n<meta name=\"robots\" content=\"index, follow, max-snippet:-1, max-image-preview:large, max-video-preview:-1\" \/>\n<link rel=\"canonical\" href=\"\" \/>\n<meta property=\"og:locale\" content=\"en_US\" \/>\n<meta property=\"og:type\" content=\"article\" \/>\n<meta property=\"og:title\" content=\"Contact\" \/>\n<meta property=\"og:description\" content=\"[et_pb_section fb_built=&quot;1&quot; _builder_version=&quot;4.27.4&quot; _module_preset=&quot;default&quot; global_colors_info=&quot;{}&quot;][et_pb_row _builder_version=&quot;4.27.4&quot; _module_preset=&quot;default&quot; width=&quot;100%&quot; max_width=&quot;800px&quot; global_colors_info=&quot;{}&quot;][et_pb_column type=&quot;4_4&quot; _builder_version=&quot;4.27.4&quot; _module_preset=&quot;default&quot; global_colors_info=&quot;{}&quot;][et_pb_text _builder_version=&quot;4.27.4&quot; _module_preset=&quot;default&quot; header_font=&quot;|||on|||||&quot; header_text_color=&quot;#E30613&quot; header_font_size=&quot;20px&quot; header_letter_spacing=&quot;4px&quot; global_colors_info=&quot;{}&quot;]\u00c9crivez-nous[\/et_pb_text][et_pb_contact_form captcha=&quot;off&quot; email=&quot;contact@icelandescape.com&quot; custom_message=&quot;Nouvelle demande de contact :||et_pb_line_break_holder||||et_pb_line_break_holder||Nom : ||et_pb_line_break_holder||Pr\u00e9nom : ||et_pb_line_break_holder||T\u00e9l\u00e9phone : ||et_pb_line_break_holder||Email : ||et_pb_line_break_holder||Message : &quot; success_message=&quot;Formulaire bien envoy\u00e9. Nous vous r\u00e9pondons au plus vite.&quot; submit_button_text=&quot;Envoyer&quot; _builder_version=&quot;4.27.6&quot; _module_preset=&quot;default&quot; _unique_id=&quot;16adfba1-7de0-4a29-93bd-62bcbe5c4a09&quot; custom_button=&quot;on&quot; button_text_size=&quot;14px&quot; button_text_color=&quot;#FFFFFF&quot; button_bg_color=&quot;#E30613&quot;&hellip;\" \/>\n<meta property=\"og:url\" content=\"https:\/\/icelandescape.com\/en\/contact\/\" \/>\n<meta property=\"og:site_name\" content=\"Iceland Escape\" \/>\n<meta property=\"article:modified_time\" content=\"2026-03-12T23:08:40+00:00\" \/>\n<meta name=\"twitter:card\" content=\"summary_large_image\" \/>\n<meta name=\"twitter:label1\" content=\"Est. reading time\" \/>\n\t<meta name=\"twitter:data1\" content=\"7 minutes\" \/>\n<script type=\"application\/ld+json\" class=\"yoast-schema-graph\">{\"@context\":\"https:\\\/\\\/schema.org\",\"@graph\":[{\"@type\":\"WebPage\",\"@id\":\"https:\\\/\\\/icelandescape.com\\\/en\\\/contact\\\/\",\"url\":\"https:\\\/\\\/icelandescape.com\\\/en\\\/contact\\\/\",\"name\":\"Contact - Iceland Escape\",\"isPartOf\":{\"@id\":\"https:\\\/\\\/icelandescape.com\\\/#website\"},\"datePublished\":\"2024-12-03T09:54:57+00:00\",\"dateModified\":\"2026-03-12T23:08:40+00:00\",\"breadcrumb\":{\"@id\":\"https:\\\/\\\/icelandescape.com\\\/en\\\/contact\\\/#breadcrumb\"},\"inLanguage\":\"en-US\",\"potentialAction\":[{\"@type\":\"ReadAction\",\"target\":[\"https:\\\/\\\/icelandescape.com\\\/en\\\/contact\\\/\"]}]},{\"@type\":\"BreadcrumbList\",\"@id\":\"https:\\\/\\\/icelandescape.com\\\/en\\\/contact\\\/#breadcrumb\",\"itemListElement\":[{\"@type\":\"ListItem\",\"position\":1,\"name\":\"Accueil\",\"item\":\"https:\\\/\\\/icelandescape.com\\\/\"},{\"@type\":\"ListItem\",\"position\":2,\"name\":\"Contact\"}]},{\"@type\":\"WebSite\",\"@id\":\"https:\\\/\\\/icelandescape.com\\\/en\\\/#website\",\"url\":\"https:\\\/\\\/icelandescape.com\\\/en\\\/\",\"name\":\"Iceland Escape\",\"description\":\"Agence francophone bas\u00e9e \u00e0 Reykjav\u00edk\",\"potentialAction\":[{\"@type\":\"SearchAction\",\"target\":{\"@type\":\"EntryPoint\",\"urlTemplate\":\"https:\\\/\\\/icelandescape.com\\\/en\\\/?s={search_term_string}\"},\"query-input\":{\"@type\":\"PropertyValueSpecification\",\"valueRequired\":true,\"valueName\":\"search_term_string\"}}],\"inLanguage\":\"en-US\"}]}<\/script>\n<!-- \/ Yoast SEO plugin. -->","yoast_head_json":{"title":"Contact","description":"[et_pb_section fb_built=\"1\" _builder_version=\"4.27.4\" _module_preset=\"default\" global_colors_info=\"{}\"][et_pb_row _builder_version=\"4.27.4\" _module_preset=\"default\" width=\"100%\" max_width=\"800px\" global_colors_info=\"{}\"][et_pb_column type=\"4_4\" _builder_version=\"4.27.4\" _module_preset=\"default\" global_colors_info=\"{}\"][et_pb_text _builder_version=\"4.27.4\" _module_preset=\"default\" header_font=\"|||on|||||\" header_text_color=\"#E30613\" header_font_size=\"20px\" header_letter_spacing=\"4px\" global_colors_info=\"{}\"]\u00c9crivez-nous[\/et_pb_text][et_pb_contact_form captcha=\"off\" email=\"contact@icelandescape.com\" custom_message=\"Nouvelle demande de contact :||et_pb_line_break_holder||||et_pb_line_break_holder||Nom : ||et_pb_line_break_holder||Pr\u00e9nom : ||et_pb_line_break_holder||T\u00e9l\u00e9phone : ||et_pb_line_break_holder||Email : ||et_pb_line_break_holder||Message : \" success_message=\"Formulaire bien envoy\u00e9. Nous vous r\u00e9pondons au plus vite.\" submit_button_text=\"Envoyer\" _builder_version=\"4.27.6\" _module_preset=\"default\" _unique_id=\"16adfba1-7de0-4a29-93bd-62bcbe5c4a09\" custom_button=\"on\" button_text_size=\"14px\" button_text_color=\"#FFFFFF\" button_bg_color=\"#E30613\"&hellip;","robots":{"index":"index","follow":"follow","max-snippet":"max-snippet:-1","max-image-preview":"max-image-preview:large","max-video-preview":"max-video-preview:-1"},"canonical":"[et_pb_section fb_built=\"1\" _builder_version=\"4.27.4\" _module_preset=\"default\" global_colors_info=\"{}\"][et_pb_row _builder_version=\"4.27.4\" _module_preset=\"default\" width=\"100%\" max_width=\"800px\" global_colors_info=\"{}\"][et_pb_column type=\"4_4\" _builder_version=\"4.27.4\" _module_preset=\"default\" global_colors_info=\"{}\"][et_pb_text _builder_version=\"4.27.4\" _module_preset=\"default\" header_font=\"|||on|||||\" header_text_color=\"#E30613\" header_font_size=\"20px\" header_letter_spacing=\"4px\" global_colors_info=\"{}\"]\u00c9crivez-nous[\/et_pb_text][et_pb_contact_form captcha=\"off\" email=\"contact@icelandescape.com\" custom_message=\"Nouvelle demande de contact :||et_pb_line_break_holder||||et_pb_line_break_holder||Nom : ||et_pb_line_break_holder||Pr\u00e9nom : ||et_pb_line_break_holder||T\u00e9l\u00e9phone : ||et_pb_line_break_holder||Email : ||et_pb_line_break_holder||Message : \" success_message=\"Formulaire bien envoy\u00e9. Nous vous r\u00e9pondons au plus vite.\" submit_button_text=\"Envoyer\" _builder_version=\"4.27.6\" _module_preset=\"default\" _unique_id=\"16adfba1-7de0-4a29-93bd-62bcbe5c4a09\" custom_button=\"on\" button_text_size=\"14px\" button_text_color=\"#FFFFFF\" button_bg_color=\"#E30613\"&hellip;","og_locale":"en_US","og_type":"article","og_title":"Contact","og_description":"[et_pb_section fb_built=\"1\" _builder_version=\"4.27.4\" _module_preset=\"default\" global_colors_info=\"{}\"][et_pb_row _builder_version=\"4.27.4\" _module_preset=\"default\" width=\"100%\" max_width=\"800px\" global_colors_info=\"{}\"][et_pb_column type=\"4_4\" _builder_version=\"4.27.4\" _module_preset=\"default\" global_colors_info=\"{}\"][et_pb_text _builder_version=\"4.27.4\" _module_preset=\"default\" header_font=\"|||on|||||\" header_text_color=\"#E30613\" header_font_size=\"20px\" header_letter_spacing=\"4px\" global_colors_info=\"{}\"]\u00c9crivez-nous[\/et_pb_text][et_pb_contact_form captcha=\"off\" email=\"contact@icelandescape.com\" custom_message=\"Nouvelle demande de contact :||et_pb_line_break_holder||||et_pb_line_break_holder||Nom : ||et_pb_line_break_holder||Pr\u00e9nom : ||et_pb_line_break_holder||T\u00e9l\u00e9phone : ||et_pb_line_break_holder||Email : ||et_pb_line_break_holder||Message : \" success_message=\"Formulaire bien envoy\u00e9. Nous vous r\u00e9pondons au plus vite.\" submit_button_text=\"Envoyer\" _builder_version=\"4.27.6\" _module_preset=\"default\" _unique_id=\"16adfba1-7de0-4a29-93bd-62bcbe5c4a09\" custom_button=\"on\" button_text_size=\"14px\" button_text_color=\"#FFFFFF\" button_bg_color=\"#E30613\"&hellip;","og_url":"https:\/\/icelandescape.com\/en\/contact\/","og_site_name":"Iceland Escape","article_modified_time":"2026-03-12T23:08:40+00:00","twitter_card":"summary_large_image","twitter_misc":{"Est. reading time":"7 minutes"},"schema":{"@context":"https:\/\/schema.org","@graph":[{"@type":"WebPage","@id":"https:\/\/icelandescape.com\/en\/contact\/","url":"https:\/\/icelandescape.com\/en\/contact\/","name":"Contact - Iceland Escape","isPartOf":{"@id":"https:\/\/icelandescape.com\/#website"},"datePublished":"2024-12-03T09:54:57+00:00","dateModified":"2026-03-12T23:08:40+00:00","breadcrumb":{"@id":"https:\/\/icelandescape.com\/en\/contact\/#breadcrumb"},"inLanguage":"en-US","potentialAction":[{"@type":"ReadAction","target":["https:\/\/icelandescape.com\/en\/contact\/"]}]},{"@type":"BreadcrumbList","@id":"https:\/\/icelandescape.com\/en\/contact\/#breadcrumb","itemListElement":[{"@type":"ListItem","position":1,"name":"Accueil","item":"https:\/\/icelandescape.com\/"},{"@type":"ListItem","position":2,"name":"Contact"}]},{"@type":"WebSite","@id":"https:\/\/icelandescape.com\/en\/#website","url":"https:\/\/icelandescape.com\/en\/","name":"Iceland Escape","description":"Agence francophone bas\u00e9e \u00e0 Reykjav\u00edk","potentialAction":[{"@type":"SearchAction","target":{"@type":"EntryPoint","urlTemplate":"https:\/\/icelandescape.com\/en\/?s={search_term_string}"},"query-input":{"@type":"PropertyValueSpecification","valueRequired":true,"valueName":"search_term_string"}}],"inLanguage":"en-US"}]}},"_links":{"self":[{"href":"https:\/\/icelandescape.com\/en\/wp-json\/wp\/v2\/pages\/261","targetHints":{"allow":["GET"]}}],"collection":[{"href":"https:\/\/icelandescape.com\/en\/wp-json\/wp\/v2\/pages"}],"about":[{"href":"https:\/\/icelandescape.com\/en\/wp-json\/wp\/v2\/types\/page"}],"author":[{"embeddable":true,"href":"https:\/\/icelandescape.com\/en\/wp-json\/wp\/v2\/users\/1"}],"replies":[{"embeddable":true,"href":"https:\/\/icelandescape.com\/en\/wp-json\/wp\/v2\/comments?post=261"}],"version-history":[{"count":34,"href":"https:\/\/icelandescape.com\/en\/wp-json\/wp\/v2\/pages\/261\/revisions"}],"predecessor-version":[{"id":7626,"href":"https:\/\/icelandescape.com\/en\/wp-json\/wp\/v2\/pages\/261\/revisions\/7626"}],"wp:attachment":[{"href":"https:\/\/icelandescape.com\/en\/wp-json\/wp\/v2\/media?parent=261"}],"curies":[{"name":"wp","href":"https:\/\/api.w.org\/{rel}","templated":true}]}}