{"id":4188,"date":"2025-04-30T13:32:38","date_gmt":"2025-04-30T13:32:38","guid":{"rendered":"https:\/\/icelandescape.com\/?page_id=4188"},"modified":"2026-04-21T15:22:11","modified_gmt":"2026-04-21T15:22:11","slug":"mentions-legales","status":"publish","type":"page","link":"https:\/\/icelandescape.com\/en\/mentions-legales\/","title":{"rendered":"Mentions l\u00e9gales"},"content":{"rendered":"<p>[et_pb_section fb_built=&#8221;1&#8243; _builder_version=&#8221;4.27.4&#8243; _module_preset=&#8221;default&#8221; global_colors_info=&#8221;{}&#8221;][et_pb_row _builder_version=&#8221;4.27.4&#8243; _module_preset=&#8221;default&#8221; global_colors_info=&#8221;{}&#8221;][et_pb_column type=&#8221;4_4&#8243; _builder_version=&#8221;4.27.4&#8243; _module_preset=&#8221;default&#8221; global_colors_info=&#8221;{}&#8221;][et_pb_text _builder_version=&#8221;4.27.4&#8243; _module_preset=&#8221;default&#8221; global_colors_info=&#8221;{}&#8221;]<\/p>\n<p class=\"p1\">MENTIONS LEGALES<\/p>\n<p class=\"p1\">\n<p class=\"p1\">du site icelandescape.com<\/p>\n<p class=\"p2\">\n<p class=\"p1\">Merci de lire avec attention les diff\u00e9rentes modalit\u00e9s d\u2019utilisation du pr\u00e9sent site avant d\u2019y parcourir ses pages. En vous connectant sur ce site, vous acceptez sans r\u00e9serve les pr\u00e9sentes modalit\u00e9s.<\/p>\n<p class=\"p2\">\n<p class=\"p1\">Editeur du Site :<\/p>\n<p class=\"p2\">\n<p class=\"p1\">Iceland Escape ehf. (6603091440)<\/p>\n<p class=\"p2\">\n<p class=\"p1\">Responsable \u00e9ditorial : Karim Dahmane<\/p>\n<p class=\"p2\">\n<p class=\"p1\">Adresse : \u00c1rm\u00fali 42, 108 Reykjav\u00edk, Islande<\/p>\n<p class=\"p2\">\n<p class=\"p1\">T\u00e9l\u00e9phone : +3545771027<\/p>\n<p class=\"p2\">\n<p class=\"p1\">Email : contact@icelandescape.com<\/p>\n<p class=\"p2\">\n<p class=\"p1\">Site Web : http:\/\/icelandescape.com\/<\/p>\n<p class=\"p2\">\n<p class=\"p1\">H\u00e9bergement :<\/p>\n<p class=\"p2\">\n<p class=\"p1\">H\u00e9bergeur : <span class=\"s1\">OPIN KERFI EHF<\/span><\/p>\n<p class=\"p3\">H\u00f6f\u00f0abakki 9, 110 Reykjav\u00edk, Islande<\/p>\n<p class=\"p1\"><span class=\"s1\">Site Web : https:\/\/opinkerfi.is\/<\/span><\/p>\n<p class=\"p2\">\n<p class=\"p1\"><b>Conditions d\u2019utilisation :<\/b><\/p>\n<p class=\"p2\">\n<p class=\"p1\">L\u2019agence Iceland Escape met en \u0153uvre tous les moyens dont elle dispose pour assurer une information fiable et une mise \u00e0 jour fiable de ses sites internet. Toutefois, des erreurs ou omissions peuvent survenir. L\u2019internaute devra donc s\u2019assurer de l\u2019exactitude des informations aupr\u00e8s d\u2019Iceland Escape et signaler toutes modifications du site qu\u2019il jugerait utile. Iceland Escape n\u2019est en aucun cas responsable de l\u2019utilisation faite de ces informations et de tout pr\u00e9judice direct ou indirect pouvant en d\u00e9couler.<\/p>\n<p class=\"p2\">\n<p class=\"p1\">Cookies : Le site http:\/\/icelandescape.com peut \u00eatre amen\u00e9 \u00e0 vous demander l\u2019acceptation des cookies pour des besoins de statistiques et d\u2019affichage. Un cookie est une information d\u00e9pos\u00e9e sur votre disque dur par le serveur du site que vous visitez. Il contient plusieurs donn\u00e9es qui sont stock\u00e9es sur votre ordinateur dans un simple fichier texte auquel un serveur acc\u00e8de pour lire et enregistrer des informations. Certaines parties de ce site ne peuvent \u00eatre fonctionnelles sans l\u2019acceptation de cookies.<\/p>\n<p class=\"p2\">\n<p class=\"p1\">Liens hypertextes : Les sites internet peuvent offrir des liens vers d\u2019autres sites internet ou d\u2019autres ressources disponibles sur Internet. Iceland Escape ne dispose d\u2019aucun moyen pour contr\u00f4ler les sites et connexion avec ses sites internet. Iceland Escape ne r\u00e9pond pas de la disponibilit\u00e9 de tels sites et sources externes, ni ne la garantit. Iceland Escape ne peut \u00eatre tenu pour responsable de tout dommage, de quelque nature que ce soit, r\u00e9sultant du contenu de ces sites ou sources externes, et notamment des informations, produits ou services qu\u2019ils proposent, ou de tout usage qui peut \u00eatre fait de ces \u00e9l\u00e9ments. Les risques li\u00e9s \u00e0 cette utilisation incombent pleinement \u00e0 l\u2019internaute, qui doit se conformer \u00e0 leurs conditions d\u2019utilisation.<\/p>\n<p class=\"p2\">\n<p class=\"p1\">Les utilisateurs, les abonn\u00e9s et les visiteurs des sites internet ne peuvent pas mettre en place un hyperlien en direction de ce site sans l\u2019autorisation expresse et pr\u00e9alable de Iceland Escape.<\/p>\n<p class=\"p2\">\n<p class=\"p1\">Dans l\u2019hypoth\u00e8se o\u00f9 un utilisateur ou visiteur souhaiterait mettre en place un hyperlien en direction du site de Iceland Escape, il lui appartiendra d\u2019adresser un email accessible sur le site afin de formuler sa demande de mise en place d\u2019un hyperlien. Iceland Escape se r\u00e9serve le droit d\u2019accepter ou de refuser un hyperlien sans avoir \u00e0 en justifier sa d\u00e9cision.<\/p>\n<p class=\"p2\">\n<p class=\"p1\"><b>Services fournis :<\/b><\/p>\n<p class=\"p2\">\n<p class=\"p1\">L\u2019ensemble des activit\u00e9s de la soci\u00e9t\u00e9 ainsi que ses informations sont pr\u00e9sent\u00e9s sur notre site http:\/\/icelandescape.com.<\/p>\n<p class=\"p2\">\n<p class=\"p1\">Iceland Escape s\u2019efforce de fournir sur le site http:\/\/icelandescape.com des informations aussi pr\u00e9cises que possible. Les renseignements figurant sur le site http:\/\/icelandescape.com ne sont pas exhaustifs et les photos non contractuelles. Ils sont donn\u00e9s sous r\u00e9serve de modifications ayant \u00e9t\u00e9 apport\u00e9es depuis leur mise en ligne. Par ailleurs, toutes les informations indiqu\u00e9es sur le site http:\/\/icelandescape.com sont donn\u00e9es \u00e0 titre indicatif, et sont susceptibles de changer ou d\u2019\u00e9voluer sans pr\u00e9avis.<\/p>\n<p class=\"p2\">\n<p class=\"p1\"><b>Limitations contractuelles sur les donn\u00e9es :<\/b><\/p>\n<p class=\"p2\">\n<p class=\"p1\">Les informations contenues sur ce site sont aussi pr\u00e9cises que possible et le site remis \u00e0 jour r\u00e9guli\u00e8rement, mais peut toutefois contenir des inexactitudes ou des omissions. Si vous constatez une lacune, erreur ou ce qui parait \u00eatre un dysfonctionnement, merci de bien vouloir le signaler par email, \u00e0 l\u2019adresse contact@icelandescape.com, en d\u00e9crivant le probl\u00e8me de la mani\u00e8re la plus pr\u00e9cise possible (page posant probl\u00e8me, type d\u2019ordinateur et de navigateur utilis\u00e9, \u2026).<\/p>\n<p class=\"p2\">\n<p class=\"p1\">Tout contenu t\u00e9l\u00e9charg\u00e9 se fait aux risques et p\u00e9rils de l\u2019utilisateur et sous sa seule responsabilit\u00e9. En cons\u00e9quence, ne saurait \u00eatre tenu responsable d\u2019un quelconque dommage subi par l\u2019ordinateur de l\u2019utilisateur ou d\u2019une quelconque perte de donn\u00e9es cons\u00e9cutives au t\u00e9l\u00e9chargement. De plus, l\u2019utilisateur du site s\u2019engage \u00e0 acc\u00e9der au site en utilisant un mat\u00e9riel r\u00e9cent, ne contenant pas de virus et avec un navigateur de derni\u00e8re g\u00e9n\u00e9ration mis-\u00e0-jour.<\/p>\n<p class=\"p2\">\n<p class=\"p1\">Les liens hypertextes mis en place dans le cadre du pr\u00e9sent site internet en direction d\u2019autres ressources pr\u00e9sentes sur le r\u00e9seau Internet ne sauraient engager la responsabilit\u00e9 de Iceland Escape.<\/p>\n<p class=\"p2\">\n<p class=\"p1\"><b>Propri\u00e9t\u00e9 intellectuelle :<\/b><\/p>\n<p class=\"p2\">\n<p class=\"p1\">Tout le contenu du pr\u00e9sent site <a href=\"http:\/\/icelandescape.com\"><span class=\"s2\">http:\/\/icelandescape.com<\/span><\/a> incluant, de fa\u00e7on non limitative, les graphismes, images, textes, vid\u00e9os, animations, sons, logos, gifs et ic\u00f4nes ainsi que leur mise en forme sont la propri\u00e9t\u00e9 exclusive de la soci\u00e9t\u00e9 \u00e0 l\u2019exception des images, marques, logos ou contenus appartenant \u00e0 d\u2019autres soci\u00e9t\u00e9s partenaires ou auteurs.<\/p>\n<p class=\"p2\">\n<p class=\"p1\">Toute reproduction, distribution, modification, adaptation, retransmission ou publication, m\u00eame partielle, de ces diff\u00e9rents \u00e9l\u00e9ments est strictement interdite sans l\u2019accord expr\u00e8s par \u00e9crit de Iceland Escape ehf..<\/p>\n<p class=\"p2\">\n<p class=\"p1\"><b>Litiges :<\/b><\/p>\n<p class=\"p2\">\n<p class=\"p1\">Les pr\u00e9sentes conditions du site http:\/\/icelandescape.com sont r\u00e9gies par les lois islandaises et toute contestation ou litiges qui pourraient na\u00eetre de l\u2019interpr\u00e9tation ou de l\u2019ex\u00e9cution de celles-ci seront de la comp\u00e9tence exclusive de l\u2019Islande.<\/p>\n<p class=\"p2\">\n<p class=\"p1\"><b>Donn\u00e9es personnelles :<\/b><\/p>\n<p class=\"p2\">\n<p class=\"p1\">De mani\u00e8re g\u00e9n\u00e9rale, vous n\u2019\u00eates pas tenu de nous communiquer vos donn\u00e9es personnelles lorsque vous visitez notre site Internet http:\/\/icelandescape.com.<\/p>\n<p class=\"p2\">\n<p class=\"p1\">Cependant, ce principe comporte certaines exceptions. En effet, pour certains services propos\u00e9s par notre site, vous pouvez \u00eatre amen\u00e9s \u00e0 nous communiquer certaines donn\u00e9es telles que : votre pr\u00e9nom, votre nom, votre adresse \u00e9lectronique, votre num\u00e9ro de t\u00e9l\u00e9phone et votre pseudo Skype. Tel est le cas lorsque vous remplissez le formulaire qui vous est propos\u00e9 en ligne, via la page \u00ab\u00a0demander un devis\u00a0\u00bb.<\/p>\n<p class=\"p2\">\n<p class=\"p1\">Dans tous les cas, vous pouvez refuser de fournir vos donn\u00e9es personnelles. Dans ce cas, vous ne pourrez pas utiliser les services du site, notamment celui de recevoir un devis personnalis\u00e9 pour votre voyage au Groenland ou en Islande.<\/p>\n<p class=\"p2\">\n<p class=\"p1\">Enfin, nous pouvons collecter de mani\u00e8re automatique certaines informations vous concernant lors d\u2019une simple navigation sur notre site Internet, notamment : des informations concernant l\u2019utilisation de notre site, comme les zones que vous visitez et les services auxquels vous acc\u00e9dez, votre adresse IP, le type de votre navigateur, vos temps d\u2019acc\u00e8s.<\/p>\n<p class=\"p2\">\n<p class=\"p1\">De telles informations sont utilis\u00e9es exclusivement \u00e0 des fins de statistiques internes, de mani\u00e8re \u00e0 am\u00e9liorer la qualit\u00e9 des services qui vous sont propos\u00e9s. Les bases de donn\u00e9es sont prot\u00e9g\u00e9es par les dispositions de la loi du 1er juillet 1998 transposant la directive 96\/9 du 11 mars 1996 relative \u00e0 la protection juridique des bases de donn\u00e9es.<\/p>\n<p>[\/et_pb_text][\/et_pb_column][\/et_pb_row][\/et_pb_section]<\/p>\n","protected":false},"excerpt":{"rendered":"<p>MENTIONS LEGALES du site icelandescape.com Merci de lire avec attention les diff\u00e9rentes modalit\u00e9s d\u2019utilisation du pr\u00e9sent site avant d\u2019y parcourir ses pages. En vous connectant sur ce site, vous acceptez sans r\u00e9serve les pr\u00e9sentes modalit\u00e9s. Editeur du Site : Iceland Escape ehf. (6603091440) Responsable \u00e9ditorial : Karim Dahmane Adresse : \u00c1rm\u00fali 42, 108 Reykjav\u00edk, Islande [&hellip;]<\/p>\n","protected":false},"author":1,"featured_media":0,"parent":0,"menu_order":0,"comment_status":"closed","ping_status":"closed","template":"","meta":{"_acf_changed":false,"_et_pb_use_builder":"on","_et_pb_old_content":"","_et_gb_content_width":"","_uf_show_specific_survey":0,"_uf_disable_surveys":false,"footnotes":""},"class_list":["post-4188","page","type-page","status-publish","hentry"],"acf":[],"yoast_head":"<!-- This site is optimized with the Yoast SEO plugin v27.4 - https:\/\/yoast.com\/product\/yoast-seo-wordpress\/ -->\n<title>Mentions l\u00e9gales<\/title>\n<meta name=\"description\" content=\"[et_pb_section fb_built=&quot;1&quot; _builder_version=&quot;4.27.4&quot; _module_preset=&quot;default&quot; global_colors_info=&quot;{}&quot;][et_pb_row _builder_version=&quot;4.27.4&quot; _module_preset=&quot;default&quot; global_colors_info=&quot;{}&quot;][et_pb_column type=&quot;4_4&quot; _builder_version=&quot;4.27.4&quot; _module_preset=&quot;default&quot; global_colors_info=&quot;{}&quot;][et_pb_text _builder_version=&quot;4.27.4&quot; _module_preset=&quot;default&quot; global_colors_info=&quot;{}&quot;]MENTIONS LEGALES du site icelandescape.com Merci de lire avec attention les diff\u00e9rentes modalit\u00e9s d\u2019utilisation du pr\u00e9sent site avant d\u2019y parcourir ses pages. En vous connectant sur ce site, vous acceptez sans r\u00e9serve les pr\u00e9sentes modalit\u00e9s. Editeur du Site : Iceland Escape&hellip;\" \/>\n<meta name=\"robots\" content=\"index, follow, max-snippet:-1, max-image-preview:large, max-video-preview:-1\" \/>\n<link rel=\"canonical\" href=\"\" \/>\n<meta property=\"og:locale\" content=\"en_US\" \/>\n<meta property=\"og:type\" content=\"article\" \/>\n<meta property=\"og:title\" content=\"Mentions l\u00e9gales\" \/>\n<meta property=\"og:description\" content=\"[et_pb_section fb_built=&quot;1&quot; _builder_version=&quot;4.27.4&quot; _module_preset=&quot;default&quot; global_colors_info=&quot;{}&quot;][et_pb_row _builder_version=&quot;4.27.4&quot; _module_preset=&quot;default&quot; global_colors_info=&quot;{}&quot;][et_pb_column type=&quot;4_4&quot; _builder_version=&quot;4.27.4&quot; _module_preset=&quot;default&quot; global_colors_info=&quot;{}&quot;][et_pb_text _builder_version=&quot;4.27.4&quot; _module_preset=&quot;default&quot; global_colors_info=&quot;{}&quot;]MENTIONS LEGALES du site icelandescape.com Merci de lire avec attention les diff\u00e9rentes modalit\u00e9s d\u2019utilisation du pr\u00e9sent site avant d\u2019y parcourir ses pages. En vous connectant sur ce site, vous acceptez sans r\u00e9serve les pr\u00e9sentes modalit\u00e9s. Editeur du Site : Iceland Escape&hellip;\" \/>\n<meta property=\"og:url\" content=\"https:\/\/icelandescape.com\/en\/mentions-legales\/\" \/>\n<meta property=\"og:site_name\" content=\"Iceland Escape\" \/>\n<meta property=\"article:modified_time\" content=\"2026-04-21T15:22:11+00:00\" \/>\n<meta name=\"twitter:card\" content=\"summary_large_image\" \/>\n<meta name=\"twitter:label1\" content=\"Est. reading time\" \/>\n\t<meta name=\"twitter:data1\" content=\"6 minutes\" \/>\n<script type=\"application\/ld+json\" class=\"yoast-schema-graph\">{\"@context\":\"https:\\\/\\\/schema.org\",\"@graph\":[{\"@type\":\"WebPage\",\"@id\":\"https:\\\/\\\/icelandescape.com\\\/en\\\/mentions-legales\\\/\",\"url\":\"https:\\\/\\\/icelandescape.com\\\/en\\\/mentions-legales\\\/\",\"name\":\"Mentions l\u00e9gales - Iceland Escape\",\"isPartOf\":{\"@id\":\"https:\\\/\\\/icelandescape.com\\\/#website\"},\"datePublished\":\"2025-04-30T13:32:38+00:00\",\"dateModified\":\"2026-04-21T15:22:11+00:00\",\"breadcrumb\":{\"@id\":\"https:\\\/\\\/icelandescape.com\\\/en\\\/mentions-legales\\\/#breadcrumb\"},\"inLanguage\":\"en-US\",\"potentialAction\":[{\"@type\":\"ReadAction\",\"target\":[\"https:\\\/\\\/icelandescape.com\\\/en\\\/mentions-legales\\\/\"]}]},{\"@type\":\"BreadcrumbList\",\"@id\":\"https:\\\/\\\/icelandescape.com\\\/en\\\/mentions-legales\\\/#breadcrumb\",\"itemListElement\":[{\"@type\":\"ListItem\",\"position\":1,\"name\":\"Accueil\",\"item\":\"https:\\\/\\\/icelandescape.com\\\/\"},{\"@type\":\"ListItem\",\"position\":2,\"name\":\"Mentions l\u00e9gales\"}]},{\"@type\":\"WebSite\",\"@id\":\"https:\\\/\\\/icelandescape.com\\\/en\\\/#website\",\"url\":\"https:\\\/\\\/icelandescape.com\\\/en\\\/\",\"name\":\"Iceland Escape\",\"description\":\"Agence francophone bas\u00e9e \u00e0 Reykjav\u00edk\",\"potentialAction\":[{\"@type\":\"SearchAction\",\"target\":{\"@type\":\"EntryPoint\",\"urlTemplate\":\"https:\\\/\\\/icelandescape.com\\\/en\\\/?s={search_term_string}\"},\"query-input\":{\"@type\":\"PropertyValueSpecification\",\"valueRequired\":true,\"valueName\":\"search_term_string\"}}],\"inLanguage\":\"en-US\"}]}<\/script>\n<!-- \/ Yoast SEO plugin. -->","yoast_head_json":{"title":"Mentions l\u00e9gales","description":"[et_pb_section fb_built=\"1\" _builder_version=\"4.27.4\" _module_preset=\"default\" global_colors_info=\"{}\"][et_pb_row _builder_version=\"4.27.4\" _module_preset=\"default\" global_colors_info=\"{}\"][et_pb_column type=\"4_4\" _builder_version=\"4.27.4\" _module_preset=\"default\" global_colors_info=\"{}\"][et_pb_text _builder_version=\"4.27.4\" _module_preset=\"default\" global_colors_info=\"{}\"]MENTIONS LEGALES du site icelandescape.com Merci de lire avec attention les diff\u00e9rentes modalit\u00e9s d\u2019utilisation du pr\u00e9sent site avant d\u2019y parcourir ses pages. En vous connectant sur ce site, vous acceptez sans r\u00e9serve les pr\u00e9sentes modalit\u00e9s. Editeur du Site : Iceland Escape&hellip;","robots":{"index":"index","follow":"follow","max-snippet":"max-snippet:-1","max-image-preview":"max-image-preview:large","max-video-preview":"max-video-preview:-1"},"canonical":"[et_pb_section fb_built=\"1\" _builder_version=\"4.27.4\" _module_preset=\"default\" global_colors_info=\"{}\"][et_pb_row _builder_version=\"4.27.4\" _module_preset=\"default\" global_colors_info=\"{}\"][et_pb_column type=\"4_4\" _builder_version=\"4.27.4\" _module_preset=\"default\" global_colors_info=\"{}\"][et_pb_text _builder_version=\"4.27.4\" _module_preset=\"default\" global_colors_info=\"{}\"]MENTIONS LEGALES du site icelandescape.com Merci de lire avec attention les diff\u00e9rentes modalit\u00e9s d\u2019utilisation du pr\u00e9sent site avant d\u2019y parcourir ses pages. En vous connectant sur ce site, vous acceptez sans r\u00e9serve les pr\u00e9sentes modalit\u00e9s. Editeur du Site : Iceland Escape&hellip;","og_locale":"en_US","og_type":"article","og_title":"Mentions l\u00e9gales","og_description":"[et_pb_section fb_built=\"1\" _builder_version=\"4.27.4\" _module_preset=\"default\" global_colors_info=\"{}\"][et_pb_row _builder_version=\"4.27.4\" _module_preset=\"default\" global_colors_info=\"{}\"][et_pb_column type=\"4_4\" _builder_version=\"4.27.4\" _module_preset=\"default\" global_colors_info=\"{}\"][et_pb_text _builder_version=\"4.27.4\" _module_preset=\"default\" global_colors_info=\"{}\"]MENTIONS LEGALES du site icelandescape.com Merci de lire avec attention les diff\u00e9rentes modalit\u00e9s d\u2019utilisation du pr\u00e9sent site avant d\u2019y parcourir ses pages. En vous connectant sur ce site, vous acceptez sans r\u00e9serve les pr\u00e9sentes modalit\u00e9s. Editeur du Site : Iceland Escape&hellip;","og_url":"https:\/\/icelandescape.com\/en\/mentions-legales\/","og_site_name":"Iceland Escape","article_modified_time":"2026-04-21T15:22:11+00:00","twitter_card":"summary_large_image","twitter_misc":{"Est. reading time":"6 minutes"},"schema":{"@context":"https:\/\/schema.org","@graph":[{"@type":"WebPage","@id":"https:\/\/icelandescape.com\/en\/mentions-legales\/","url":"https:\/\/icelandescape.com\/en\/mentions-legales\/","name":"Mentions l\u00e9gales - Iceland Escape","isPartOf":{"@id":"https:\/\/icelandescape.com\/#website"},"datePublished":"2025-04-30T13:32:38+00:00","dateModified":"2026-04-21T15:22:11+00:00","breadcrumb":{"@id":"https:\/\/icelandescape.com\/en\/mentions-legales\/#breadcrumb"},"inLanguage":"en-US","potentialAction":[{"@type":"ReadAction","target":["https:\/\/icelandescape.com\/en\/mentions-legales\/"]}]},{"@type":"BreadcrumbList","@id":"https:\/\/icelandescape.com\/en\/mentions-legales\/#breadcrumb","itemListElement":[{"@type":"ListItem","position":1,"name":"Accueil","item":"https:\/\/icelandescape.com\/"},{"@type":"ListItem","position":2,"name":"Mentions l\u00e9gales"}]},{"@type":"WebSite","@id":"https:\/\/icelandescape.com\/en\/#website","url":"https:\/\/icelandescape.com\/en\/","name":"Iceland Escape","description":"Agence francophone bas\u00e9e \u00e0 Reykjav\u00edk","potentialAction":[{"@type":"SearchAction","target":{"@type":"EntryPoint","urlTemplate":"https:\/\/icelandescape.com\/en\/?s={search_term_string}"},"query-input":{"@type":"PropertyValueSpecification","valueRequired":true,"valueName":"search_term_string"}}],"inLanguage":"en-US"}]}},"_links":{"self":[{"href":"https:\/\/icelandescape.com\/en\/wp-json\/wp\/v2\/pages\/4188","targetHints":{"allow":["GET"]}}],"collection":[{"href":"https:\/\/icelandescape.com\/en\/wp-json\/wp\/v2\/pages"}],"about":[{"href":"https:\/\/icelandescape.com\/en\/wp-json\/wp\/v2\/types\/page"}],"author":[{"embeddable":true,"href":"https:\/\/icelandescape.com\/en\/wp-json\/wp\/v2\/users\/1"}],"replies":[{"embeddable":true,"href":"https:\/\/icelandescape.com\/en\/wp-json\/wp\/v2\/comments?post=4188"}],"version-history":[{"count":4,"href":"https:\/\/icelandescape.com\/en\/wp-json\/wp\/v2\/pages\/4188\/revisions"}],"predecessor-version":[{"id":7782,"href":"https:\/\/icelandescape.com\/en\/wp-json\/wp\/v2\/pages\/4188\/revisions\/7782"}],"wp:attachment":[{"href":"https:\/\/icelandescape.com\/en\/wp-json\/wp\/v2\/media?parent=4188"}],"curies":[{"name":"wp","href":"https:\/\/api.w.org\/{rel}","templated":true}]}}